{"id":1019,"date":"2025-09-07T19:40:17","date_gmt":"2025-09-07T19:40:17","guid":{"rendered":"https:\/\/mike.jbeanwefiteam.com\/?page_id=1019"},"modified":"2025-09-28T02:51:12","modified_gmt":"2025-09-28T02:51:12","slug":"gdpr-privacy-policy","status":"publish","type":"page","link":"https:\/\/mike.jbeanwefiteam.com\/es\/gdpr-privacy-policy\/","title":{"rendered":"Pol\u00edtica de privacidad del RGPD"},"content":{"rendered":"<div class=\"et_pb_section_0 et_pb_section et_section_regular et_block_section\">\n<div class=\"et_pb_row_0 et_pb_row et_block_row\">\n<div class=\"et_pb_column_0 et_pb_column et_pb_column_4_4 et-last-child et_block_column et_pb_css_mix_blend_mode_passthrough\">\n<div class=\"et_pb_text_0 et_pb_text et_pb_bg_layout_light et_pb_module et_flex_module preset--group--divi-text--divi-font-body--default preset--group--divi-text--divi-font-body--h19rs5u--default preset--group--divi-text--divi-font-body--h1yjkjr--default\"><div class=\"et_pb_text_inner\"><p><!-- wp:paragraph --><\/p>\n<p>Mi Compa\u00f1\u00eda J Jelly Bean Inc, operando como \"JBeanTV\" (\u201cnosotros\u201d, \u201cnuestro\/a\u201d) Mi sitio web https:\/\/mike.jbeanwefiteam.com se compromete a respetar su privacidad. Esta pol\u00edtica de privacidad le informa sobre c\u00f3mo nuestra organizaci\u00f3n recopila, almacena y utiliza sus datos personales que usted proporciona al usar nuestro sitio web.<\/p>\n<p><span style=\"color: #666666;\"><!-- \/wp:paragraph --><\/span><\/p>\n<p><span style=\"color: #666666;\"><!-- wp:heading {\"level\":4} --><\/span><\/p>\n<h4><span style=\"color: #666666;\">Temas incluidos:<\/span><\/h4>\n<p><span style=\"color: #666666;\"><!-- \/wp:heading --><\/span><\/p>\n<p><!-- wp:list --><\/p>\n<ul>\n<li><a href=\"#privacy_1\">\u00bfQu\u00e9 datos recopilamos?<\/a><\/li>\n<li><a href=\"#privacy_2\">\u00bfC\u00f3mo recopilamos y utilizamos tus datos?<\/a><\/li>\n<li><a href=\"#privacy_3\">Datos utilizados para marketing o compartidos con terceros<\/a><\/li>\n<li><a href=\"#privacy_4\">\u00bfCu\u00e1les son tus derechos de protecci\u00f3n de datos?<\/a><\/li>\n<li><a href=\"#privacy_5\">Pol\u00edticas de privacidad de otros sitios web<\/a><\/li>\n<li><a href=\"#privacy_6\">Cambios en nuestra pol\u00edtica de privacidad<\/a><\/li>\n<li><a href=\"#privacy_7\">\u00bfC\u00f3mo contactarnos?<\/a><\/li>\n<\/ul>\n<p><!-- wp:heading {\"level\":4} --><\/p>\n<h4 id=\"privacy_1\">\u00bfQu\u00e9 datos recopilamos?<\/h4>\n<p><span style=\"color: #666666;\"><!-- \/wp:heading --><\/span><\/p>\n<p><span style=\"color: #666666;\"><!-- wp:paragraph --><\/span><\/p>\n<p><span style=\"color: #666666;\">Recopilamos tu informaci\u00f3n personal. La informaci\u00f3n personal es cualquier dato que se relacione con un individuo y que se pueda usar para su identificaci\u00f3n, como:<\/span><\/p>\n<p><span style=\"color: #666666;\"><!-- \/wp:paragraph --><\/span><\/p>\n<p><span style=\"color: #666666;\"><!-- wp:list --><\/span><\/p>\n<ul>\n<li><span style=\"color: #666666;\">Informaci\u00f3n de identificaci\u00f3n personal: estos datos los proporciona usted para el registro y para utilizar otros servicios: nombre, direcci\u00f3n de correo electr\u00f3nico, n\u00famero de tel\u00e9fono, pa\u00eds, estado, etc.<\/span><\/li>\n<li><span style=\"color: #666666;\">Informaci\u00f3n del navegador y de las visitas - Estos datos los proporciona tu navegador y las visitas que realizaste en nuestro sitio web - tipo de navegador, sistema operativo, direcci\u00f3n IP, datos demogr\u00e1ficos, etc.<\/span><\/li>\n<li><span style=\"color: #666666;\">Informaci\u00f3n sobre cookies. Consulta la pol\u00edtica de cookies para obtener detalles relacionados con ellas.<\/span><\/li>\n<\/ul>\n<p><span style=\"color: #666666;\"><!-- \/wp:list --><\/span><\/p>\n<p><span style=\"color: #666666;\"><!-- wp:paragraph --><\/span><\/p>\n<p><span style=\"color: #666666;\">Sin embargo, puedes navegar en nuestro sitio web sin proporcionar tu informaci\u00f3n personal.<\/span><\/p>\n<p><span style=\"color: #666666;\"><!-- \/wp:paragraph --><\/span><\/p>\n<p><span style=\"color: #666666;\"><!-- wp:heading {\"level\":4} --><\/span><\/p>\n<h4 id=\"privacy_2\"><span style=\"color: #666666;\">\u00bfC\u00f3mo recopilamos y utilizamos tu informaci\u00f3n personal?<\/span><\/h4>\n<p><span style=\"color: #666666;\"><!-- \/wp:heading --><\/span><\/p>\n<p><span style=\"color: #666666;\"><!-- wp:paragraph --><\/span><\/p>\n<p><span style=\"color: #666666;\">Recopilaci\u00f3n de informaci\u00f3n personal<\/span><\/p>\n<p><span style=\"color: #666666;\"><!-- \/wp:paragraph --><\/span><\/p>\n<p><span style=\"color: #666666;\"><!-- wp:paragraph --><\/span><\/p>\n<p><span style=\"color: #666666;\">Recopilamos tus datos de las siguientes formas:<\/span><\/p>\n<p><span style=\"color: #666666;\"><!-- \/wp:paragraph --><\/span><\/p>\n<p><span style=\"color: #666666;\"><!-- wp:paragraph --><\/span><\/p>\n<p><span style=\"color: #666666;\">Uso de informaci\u00f3n personal<\/span><\/p>\n<p><span style=\"color: #666666;\"><!-- \/wp:paragraph --><\/span><\/p>\n<p><span style=\"color: #666666;\"><!-- wp:list --><\/span><\/p>\n<ul>\n<li><span style=\"color: #666666;\">Reg\u00edstrese en l\u00ednea o haga un pedido de cualquier producto o servicio<\/span><\/li>\n<li><span style=\"color: #666666;\">Complete una encuesta o proporcione comentarios sobre nuestros productos o servicios por correo electr\u00f3nico.<\/span><\/li>\n<li><span style=\"color: #666666;\">Visita nuestro sitio web usando las cookies de tu navegador<\/span><\/li>\n<\/ul>\n<p><span style=\"color: #666666;\"><!-- \/wp:list --><\/span><\/p>\n<p><span style=\"color: #666666;\"><!-- wp:paragraph --><\/span><\/p>\n<p><span style=\"color: #666666;\">Utilizamos su informaci\u00f3n personal para los siguientes fines:<\/span><\/p>\n<p><span style=\"color: #666666;\"><!-- \/wp:paragraph --><\/span><\/p>\n<p><span style=\"color: #666666;\"><!-- wp:list --><\/span><\/p>\n<ul>\n<li><span style=\"color: #666666;\">Para crear y administrar tu cuenta en nuestro sitio web<\/span><\/li>\n<li><span style=\"color: #666666;\">Para procesar detalles relacionados con tus pedidos y reembolsos<\/span><\/li>\n<li><span style=\"color: #666666;\">Para identificarte una vez que te registres en nuestro sitio web<\/span><\/li>\n<li><span style=\"color: #666666;\">Para brindarte una mejor usabilidad y servicio<\/span><\/li>\n<li><span style=\"color: #666666;\">Para contactarte y responder a tus consultas y comentarios<\/span><\/li>\n<li><span style=\"color: #666666;\">Para entender cu\u00e1les secciones del sitio web se visitan y con qu\u00e9 frecuencia<\/span><\/li>\n<\/ul>\n<p><span style=\"color: #666666;\"><!-- \/wp:list --><\/span><\/p>\n<p><span style=\"color: #666666;\"><!-- wp:heading {\"level\":4} --><\/span><\/p>\n<h4 id=\"privacy_3\"><span style=\"color: #666666;\">Datos utilizados para marketing o compartidos con terceros<\/span><\/h4>\n<p><span style=\"color: #666666;\"><!-- \/wp:heading --><\/span><\/p>\n<p><span style=\"color: #666666;\"><!-- wp:paragraph --><\/span><\/p>\n<p><span style=\"color: #666666;\">Datos utilizados para marketing<\/span><\/p>\n<p><span style=\"color: #666666;\"><!-- \/wp:paragraph --><\/span><\/p>\n<p><span style=\"color: #666666;\"><!-- wp:paragraph --><\/span><\/p>\n<p><span style=\"color: #666666;\">Seg\u00fan su preferencia, nuestra organizaci\u00f3n desea enviarle correos electr\u00f3nicos de marketing sobre productos, servicios y ofertas que podr\u00edan interesarle. Usted tiene el derecho en cualquier momento de impedir que nuestra organizaci\u00f3n se ponga en contacto con usted. Puede darse de baja en cualquier momento de nuestros correos electr\u00f3nicos de marketing en una fecha posterior.<\/span><\/p>\n<p><span style=\"color: #666666;\"><!-- \/wp:paragraph --><\/span><\/p>\n<p><span style=\"color: #666666;\"><!-- wp:paragraph --><\/span><\/p>\n<p><span style=\"color: #666666;\">Compartir datos con sitios de terceros<\/span><\/p>\n<p><span style=\"color: #666666;\"><!-- \/wp:paragraph --><\/span><\/p>\n<p><span style=\"color: #666666;\"><!-- wp:paragraph --><\/span><\/p>\n<p><span style=\"color: #666666;\">Nuestra organizaci\u00f3n nunca compartir\u00e1 tu informaci\u00f3n personal con sitios de terceros sin antes obtener tu permiso. Aunque compartimos tu informaci\u00f3n personal dentro de la organizaci\u00f3n, con socios comerciales y servicios autorizados de terceros.<\/span><\/p>\n<p><span style=\"color: #666666;\"><!-- \/wp:paragraph --><\/span><\/p>\n<p><span style=\"color: #666666;\"><!-- wp:heading {\"level\":4} --><\/span><\/p>\n<h4 id=\"privacy_4\"><span style=\"color: #666666;\">\u00bfCu\u00e1les son tus derechos de protecci\u00f3n de datos?<\/span><\/h4>\n<p><span style=\"color: #666666;\"><!-- \/wp:heading --><\/span><\/p>\n<p><span style=\"color: #666666;\"><!-- wp:paragraph --><\/span><\/p>\n<p><span style=\"color: #666666;\">Nos gustar\u00eda asegurarnos de que est\u00e9 plenamente al tanto de sus derechos de protecci\u00f3n de datos. Cada usuario tiene derecho a lo siguiente:<\/span><\/p>\n<p><span style=\"color: #666666;\"><!-- \/wp:paragraph --><\/span><\/p>\n<p><span style=\"color: #666666;\"><!-- wp:list --><\/span><\/p>\n<ul>\n<li><span style=\"color: #666666;\">El derecho de acceso - Y<\/span>T\u00fa tienes el derecho de solicitar copias de tu informaci\u00f3n personal que nos hayas proporcionado.<\/li>\n<li>El derecho de rectificaci\u00f3n: Tiene derecho a indicarnos que corrijamos la informaci\u00f3n personal que considera necesita correcci\u00f3n. Tambi\u00e9n tiene derecho a completar la informaci\u00f3n que considera incompleta.<\/li>\n<li>El derecho al olvido - Tienes derecho a solicitar que eliminemos todos tus datos personales en cualquier momento.<\/li>\n<li>El derecho de oposici\u00f3n - Usted tiene el derecho de oponerse al procesamiento de sus datos personales por parte de nuestra organizaci\u00f3n, bajo ciertas condiciones.<\/li>\n<li>El derecho a la portabilidad de datos - Puedes solicitarnos en cualquier momento que transfiramos tu informaci\u00f3n personal a cualquier otra organizaci\u00f3n o directamente a ti, bajo ciertas condiciones.<\/li>\n<\/ul>\n<p><span style=\"color: #666666;\"><!-- \/wp:list --><\/span><\/p>\n<p><span style=\"color: #666666;\"><!-- wp:heading {\"level\":4} --><\/span><\/p>\n<h4 id=\"privacy_5\"><span style=\"color: #666666;\">Pol\u00edticas de privacidad para otros sitios web enlazados<\/span><\/h4>\n<p><span style=\"color: #666666;\"><!-- \/wp:heading --><\/span><\/p>\n<p><!-- wp:paragraph --><\/p>\n<p>Nuestro sitio web contiene enlaces hacia y desde otros sitios web. Sin embargo, nuestra pol\u00edtica de privacidad se aplica \u00fanicamente a nuestro sitio web y no a otros sitios web vinculados. Por lo tanto, si hace clic en un enlace a otros sitios web, podr\u00e1 leer su pol\u00edtica de privacidad.<\/p>\n<p><span style=\"color: #666666;\"><!-- \/wp:paragraph --><\/span><\/p>\n<p><span style=\"color: #666666;\"><!-- wp:heading {\"level\":4} --><\/span><\/p>\n<h4 id=\"privacy_6\"><span style=\"color: #666666;\">Cambios en nuestra pol\u00edtica de privacidad<\/span><\/h4>\n<p><span style=\"color: #666666;\"><!-- \/wp:heading --><\/span><\/p>\n<p><span style=\"color: #666666;\"><!-- wp:paragraph --><\/span><\/p>\n<p><span style=\"color: #666666;\">Nuestra organizaci\u00f3n revisa y actualiza su pol\u00edtica de privacidad de forma regular. Podemos realizar cambios en nuestras pr\u00e1cticas de privacidad de datos y publicar cualquier actualizaci\u00f3n en esta p\u00e1gina de pol\u00edtica de privacidad.<\/span><\/p>\n<p><span style=\"color: #666666;\"><!-- \/wp:paragraph --><\/span><\/p>\n<p><span style=\"color: #666666;\"><!-- wp:heading {\"level\":4} --><\/span><\/p>\n<h4 id=\"privacy_7\"><span style=\"color: #666666;\">\u00bfC\u00f3mo contactarnos?<\/span><\/h4>\n<p><span style=\"color: #666666;\"><!-- \/wp:heading --><\/span><\/p>\n<p><span style=\"color: #666666;\"><!-- wp:paragraph --><\/span><\/p>\n<p><span style=\"color: #666666;\">Si tiene alguna consulta relacionada con nuestras pr\u00e1cticas de privacidad de datos o esta pol\u00edtica de privacidad, no dude en ponerse en contacto con nosotros en legal@jbeantv.com.<\/span><\/p>\n<p><!-- \/wp:paragraph --><\/p>\n<p><!-- wp:separator --><\/p>\n<hr class=\"wp-block-separator\" \/><!-- \/wp:separator --><\/p>\n<p><!-- wp:paragraph --><\/p>\n<p>\u00daltima actualizaci\u00f3n: 7 de septiembre de 2025<\/p>\n<p><!-- \/wp:paragraph --><\/p>\n<\/div><\/div>\n<\/div>\n<\/div>\n<\/div>","protected":false},"excerpt":{"rendered":"","protected":false},"author":1,"featured_media":389,"parent":0,"menu_order":0,"comment_status":"closed","ping_status":"closed","template":"","meta":{"inline_featured_image":false,"footnotes":""},"class_list":["post-1019","page","type-page","status-publish","has-post-thumbnail","hentry"],"_links":{"self":[{"href":"https:\/\/mike.jbeanwefiteam.com\/es\/wp-json\/wp\/v2\/pages\/1019","targetHints":{"allow":["GET"]}}],"collection":[{"href":"https:\/\/mike.jbeanwefiteam.com\/es\/wp-json\/wp\/v2\/pages"}],"about":[{"href":"https:\/\/mike.jbeanwefiteam.com\/es\/wp-json\/wp\/v2\/types\/page"}],"author":[{"embeddable":true,"href":"https:\/\/mike.jbeanwefiteam.com\/es\/wp-json\/wp\/v2\/users\/1"}],"replies":[{"embeddable":true,"href":"https:\/\/mike.jbeanwefiteam.com\/es\/wp-json\/wp\/v2\/comments?post=1019"}],"version-history":[{"count":4,"href":"https:\/\/mike.jbeanwefiteam.com\/es\/wp-json\/wp\/v2\/pages\/1019\/revisions"}],"predecessor-version":[{"id":1060,"href":"https:\/\/mike.jbeanwefiteam.com\/es\/wp-json\/wp\/v2\/pages\/1019\/revisions\/1060"}],"wp:featuredmedia":[{"embeddable":true,"href":"https:\/\/mike.jbeanwefiteam.com\/es\/wp-json\/wp\/v2\/media\/389"}],"wp:attachment":[{"href":"https:\/\/mike.jbeanwefiteam.com\/es\/wp-json\/wp\/v2\/media?parent=1019"}],"curies":[{"name":"wp","href":"https:\/\/api.w.org\/{rel}","templated":true}]}}